{"id":535,"date":"2024-03-21T14:24:19","date_gmt":"2024-03-21T21:24:19","guid":{"rendered":"https:\/\/spiritlace.com\/admin\/?page_id=535"},"modified":"2024-03-27T14:24:00","modified_gmt":"2024-03-27T21:24:00","slug":"eventos","status":"publish","type":"page","link":"https:\/\/spiritlace.com\/es\/","title":{"rendered":"Inicio"},"content":{"rendered":"<div class=\"wp-block-columns is-layout-flex wp-container-core-columns-is-layout-9d6595d7 wp-block-columns-is-layout-flex\">\n<div class=\"wp-block-column is-layout-flow wp-block-column-is-layout-flow\" style=\"flex-basis:100%\">\n<div class=\"wp-block-group alignfull\"><div class=\"wp-block-group__inner-container is-layout-constrained wp-block-group-is-layout-constrained\">\n<div id=\"wp-block-themeisle-blocks-popup-23842cbf\" class=\"wp-block-themeisle-blocks-popup is-front has-light-bg\" data-open=\"onLoad\" data-dismiss=\"\" data-time=\"1\" data-anchor=\"\" data-offset=\"\" data-outside=\"true\" data-anchorclose=\"\"><div class=\"otter-popup__modal_wrap\"><div role=\"presentation\" class=\"otter-popup__modal_wrap_overlay\"><\/div><div class=\"otter-popup__modal_content\"><div class=\"otter-popup__modal_body\">\n<div id=\"wp-block-themeisle-blocks-advanced-columns-7156978c\" class=\"wp-block-themeisle-blocks-advanced-columns has-2-columns has-desktop-equal-layout has-tablet-equal-layout has-mobile-collapsedRows-layout has-reverse-columns-mobile has-vertical-center\"><div class=\"wp-block-themeisle-blocks-advanced-columns-overlay\"><\/div><div class=\"innerblocks-wrap\">\n<div id=\"wp-block-themeisle-blocks-advanced-column-02b52ead\" class=\"wp-block-themeisle-blocks-advanced-column\">\n<p id=\"wp-block-themeisle-blocks-advanced-heading-2ccd1c4c\" class=\"wp-block-themeisle-blocks-advanced-heading wp-block-themeisle-blocks-advanced-heading-2ccd1c4c\">Pr\u00f3ximamente<\/p>\n\n\n\n<h2 id=\"wp-block-themeisle-blocks-advanced-heading-f3e6cf0c\" class=\"wp-block-themeisle-blocks-advanced-heading wp-block-themeisle-blocks-advanced-heading-f3e6cf0c\">Nueva Colecci\u00f3n<\/h2>\n\n\n\n<p>Nuestra nueva colecci\u00f3n estar\u00e1 disponible a partir de Julio, no te la puedes perder<\/p>\n\n\n\n<div class=\"wp-block-buttons is-content-justification-left is-layout-flex wp-container-core-buttons-is-layout-fdcfc74e wp-block-buttons-is-layout-flex\">\n<div class=\"wp-block-button is-style-primary\"><a class=\"wp-block-button__link wp-element-button\" href=\"https:\/\/spiritlace.com\/es\/15c42-web-agency-gb-contact-us\/\">M\u00e1s informaci\u00f3n<\/a><\/div>\n<\/div>\n<\/div>\n\n\n\n<div id=\"wp-block-themeisle-blocks-advanced-column-ae6a1757\" class=\"wp-block-themeisle-blocks-advanced-column\">\n<figure class=\"wp-block-image size-full is-resized\"><img decoding=\"async\" width=\"900\" height=\"900\" src=\"https:\/\/mlqo7oolsnfd.i.optimole.com\/w:auto\/h:auto\/q:mauto\/f:avif\/https:\/\/spiritlace.com\/wp-content\/uploads\/2024\/03\/WhatsApp-Image-2024-03-22-at-10.48.58-AM-edited.jpeg\" alt=\"\" class=\"wp-image-671\" style=\"width:369px;height:auto\"\/><\/figure>\n<\/div>\n<\/div><\/div>\n<\/div><\/div><\/div><\/div>\n\n\n\n<div id=\"wp-block-themeisle-blocks-slider-c575d510\" class=\"wp-block-themeisle-blocks-slider glide\" data-per-view=\"1\" data-gap=\"0\" data-peek=\"0\" data-autoplay=\"4000\" data-height=\"400px\" data-hide-arrows=\"false\"><div class=\"glide__track\" data-glide-el=\"track\"><div class=\"glide__slides\"><div class=\"wp-block-themeisle-blocks-slider-item-wrapper glide__slide\" tabindex=\"0\"><figure><img decoding=\"async\" class=\"wp-block-themeisle-blocks-slider-item\" src=\"https:\/\/mlqo7oolsnfd.i.optimole.com\/w:auto\/h:auto\/q:mauto\/f:avif\/https:\/\/spiritlace.com\/wp-content\/uploads\/2023\/05\/20220831_131836-scaled.jpg\" alt=\"\" title=\"\" data-id=\"415\"\/><\/figure><\/div><div class=\"wp-block-themeisle-blocks-slider-item-wrapper glide__slide\" tabindex=\"0\"><figure><img decoding=\"async\" class=\"wp-block-themeisle-blocks-slider-item\" src=\"https:\/\/mlqo7oolsnfd.i.optimole.com\/w:auto\/h:auto\/q:mauto\/f:avif\/https:\/\/spiritlace.com\/wp-content\/uploads\/2024\/03\/20220518_123658-scaled.jpg\" alt=\"\" title=\"\" data-id=\"636\"\/><\/figure><\/div><div class=\"wp-block-themeisle-blocks-slider-item-wrapper glide__slide\" tabindex=\"0\"><figure><img data-opt-src=\"https:\/\/mlqo7oolsnfd.i.optimole.com\/w:auto\/h:auto\/q:mauto\/f:avif\/https:\/\/spiritlace.com\/wp-content\/uploads\/2024\/03\/20220518_123632-scaled.jpg\"  decoding=\"async\" class=\"wp-block-themeisle-blocks-slider-item\" src=\"data:image/svg+xml,%3Csvg%20viewBox%3D%220%200%20100%%20100%%22%20width%3D%22100%%22%20height%3D%22100%%22%20xmlns%3D%22http%3A%2F%2Fwww.w3.org%2F2000%2Fsvg%22%3E%3C%2Fsvg%3E\" alt=\"\" title=\"\" data-id=\"637\"\/><\/figure><\/div><\/div><div class=\"glide__bullets\" data-glide-el=\"controls[nav]\"><button class=\"glide__bullet\" data-glide-dir=\"=0\"><\/button><button class=\"glide__bullet\" data-glide-dir=\"=1\"><\/button><button class=\"glide__bullet\" data-glide-dir=\"=2\"><\/button><\/div><\/div><\/div>\n<\/div><\/div>\n<\/div>\n<\/div>\n\n\n\n<h2 id=\"wp-block-themeisle-blocks-advanced-heading-e84a548a\" class=\"wp-block-themeisle-blocks-advanced-heading wp-block-themeisle-blocks-advanced-heading-e84a548a\"><strong> <\/strong><\/h2>\n\n\n\n<div style=\"height:0px\" aria-hidden=\"true\" class=\"wp-block-spacer\"><\/div>\n\n\n\n<div class=\"wp-block-columns is-layout-flex wp-container-core-columns-is-layout-9d6595d7 wp-block-columns-is-layout-flex\">\n<div class=\"wp-block-column is-layout-flow wp-block-column-is-layout-flow\" style=\"flex-basis:100%\">\n<h2 class=\"wp-block-heading alignwide has-text-align-center\">Pasi\u00f3n por los detalles<\/h2>\n\n\n\n<p class=\"has-medium-font-size\">Desde hace m\u00e1s de 20 a\u00f1os, hemos puesto nuestro enfoque en dejar huella, en buscar que nuestros textiles tenga ese sello personal, y ese brillo arm\u00f3nico, que pueda ser reconocida la calidad de un trabajo hecho a mano,  lleno de puntadas sublimes que dan vida a una obra impecable<\/p>\n<\/div>\n<\/div>\n\n\n\n<div style=\"height:100px\" aria-hidden=\"true\" class=\"wp-block-spacer\"><\/div>\n\n\n\n<div class=\"wp-block-group alignfull\"><div class=\"wp-block-group__inner-container is-layout-constrained wp-block-group-is-layout-constrained\">\n<div class=\"wp-block-columns is-layout-flex wp-container-core-columns-is-layout-9d6595d7 wp-block-columns-is-layout-flex\">\n<div class=\"wp-block-column is-layout-flow wp-block-column-is-layout-flow\">\n<div class=\"wp-block-cover aligncenter has-parallax\" style=\"min-height:494px;aspect-ratio:unset;\"><span aria-hidden=\"true\" class=\"wp-block-cover__background has-background-dim\"><\/span><div role=\"img\" class=\"wp-block-cover__image-background wp-image-116 has-parallax\" style=\"background-position:50% 50%;background-image:url(https:\/\/mlqo7oolsnfd.i.optimole.com\/w:auto\/h:auto\/q:mauto\/f:avif\/https:\/\/spiritlace.com\/wp-content\/uploads\/2023\/05\/Galery.png)\"><\/div><div class=\"wp-block-cover__inner-container is-layout-flow wp-block-cover-is-layout-flow\">\n<p class=\"has-text-align-center o-typing-delay-200ms has-neve-text-color-color has-text-color has-background\" style=\"background-color:#edededb5;font-size:29px;font-style:normal;font-weight:600;letter-spacing:5px;text-decoration:none\"><strong>Visita <\/strong>nuestro Showroom en Los \u00c1ngeles<\/p>\n<\/div><\/div>\n<\/div>\n<\/div>\n<\/div><\/div>\n\n\n\n<div class=\"wp-block-cover aligncenter has-parallax\" style=\"min-height:498px;aspect-ratio:unset;\"><span aria-hidden=\"true\" class=\"wp-block-cover__background has-background-dim\"><\/span><div role=\"img\" class=\"wp-block-cover__image-background wp-image-574 has-parallax\" style=\"background-position:50% 50%;background-image:url(https:\/\/mlqo7oolsnfd.i.optimole.com\/w:auto\/h:auto\/q:mauto\/f:avif\/https:\/\/spiritlace.com\/admin\/wp-content\/uploads\/2023\/06\/IMG-20181008-WA0002-1024x768.jpg)\"><\/div><div class=\"wp-block-cover__inner-container is-layout-flow wp-block-cover-is-layout-flow\">\n<p class=\"has-text-align-center has-neve-text-color-color has-text-color has-background has-large-font-size\" style=\"background-color:#edededc2;letter-spacing:2px\"><strong>Ven a Vernos Pronto En Tu Ciudad<\/strong><\/p>\n<\/div><\/div>\n\n\n<div class=\"wp-block-image\">\n<figure class=\"aligncenter size-full is-resized\"><img data-opt-src=\"https:\/\/mlqo7oolsnfd.i.optimole.com\/w:auto\/h:auto\/q:mauto\/f:avif\/https:\/\/spiritlace.com\/admin\/wp-content\/uploads\/2023\/06\/Spirit-Lace-logo-emblem-color-1.png\"  decoding=\"async\" src=\"data:image/svg+xml,%3Csvg%20viewBox%3D%220%200%20100%%20100%%22%20width%3D%22100%%22%20height%3D%22100%%22%20xmlns%3D%22http%3A%2F%2Fwww.w3.org%2F2000%2Fsvg%22%3E%3C%2Fsvg%3E\" alt=\"\" class=\"wp-image-592\" style=\"width:290px;height:auto\"\/><\/figure>\n<\/div>\n\n\n<div class=\"wp-block-cover alignfull\" style=\"min-height:721px;aspect-ratio:unset;\"><span aria-hidden=\"true\" class=\"wp-block-cover__background has-nv-site-bg-background-color has-background-dim-100 has-background-dim\"><\/span><div class=\"wp-block-cover__inner-container is-layout-flow wp-block-cover-is-layout-flow\">\n<div style=\"height:80px\" aria-hidden=\"true\" class=\"wp-block-spacer\"><\/div>\n\n\n\n<div class=\"wp-block-columns is-layout-flex wp-container-core-columns-is-layout-9d6595d7 wp-block-columns-is-layout-flex\">\n<div class=\"wp-block-column ticss-4ce656f1 is-layout-flow wp-block-column-is-layout-flow\">\n<div class=\"wp-block-cover\" style=\"border-width:40px;border-radius:100px;min-height:317px;aspect-ratio:unset;\"><span aria-hidden=\"true\" class=\"wp-block-cover__background has-background-dim\"><\/span><img data-opt-src=\"https:\/\/mlqo7oolsnfd.i.optimole.com\/w:auto\/h:auto\/q:mauto\/f:avif\/https:\/\/spiritlace.com\/wp-content\/uploads\/2024\/03\/WhatsApp-Image-2024-03-22-at-12.39.46-PM-edited.jpeg\"  decoding=\"async\" width=\"900\" height=\"675\" class=\"wp-block-cover__image-background wp-image-697\" alt=\"\" src=\"data:image/svg+xml,%3Csvg%20viewBox%3D%220%200%20100%%20100%%22%20width%3D%22100%%22%20height%3D%22100%%22%20xmlns%3D%22http%3A%2F%2Fwww.w3.org%2F2000%2Fsvg%22%3E%3C%2Fsvg%3E\" style=\"object-position:39% 35%\" data-object-fit=\"cover\" data-object-position=\"39% 35%\"\/><div class=\"wp-block-cover__inner-container is-layout-flow wp-block-cover-is-layout-flow\">\n<p class=\"has-text-align-center has-nv-text-dark-bg-color has-text-color has-link-color has-large-font-size wp-elements-2a4ec4d64ce1720913ef36104670ba4b\"><strong>Inspiraci\u00f3n<\/strong><\/p>\n<\/div><\/div>\n\n\n\n<p class=\"has-text-align-center has-neve-text-color-color has-text-color has-medium-font-size\">&#8220;Dreams are extremely important. Nothing is done without first imagine.&#8221; <\/p>\n\n\n\n<p class=\"has-text-align-center has-neve-text-color-color has-text-color has-medium-font-size\">George Lucas.<\/p>\n\n\n\n<div style=\"height:20px\" aria-hidden=\"true\" class=\"wp-block-spacer\"><\/div>\n<\/div>\n\n\n\n<div class=\"wp-block-column ticss-f6fc7494 is-layout-flow wp-block-column-is-layout-flow\">\n<div class=\"wp-block-cover aligncenter\" style=\"border-width:40px;border-radius:100px;min-height:321px;aspect-ratio:unset;\"><span aria-hidden=\"true\" class=\"wp-block-cover__background has-background-dim\"><\/span><img data-opt-src=\"https:\/\/mlqo7oolsnfd.i.optimole.com\/w:auto\/h:auto\/q:mauto\/f:avif\/https:\/\/spiritlace.com\/wp-content\/uploads\/2023\/05\/1-1.png\"  decoding=\"async\" width=\"570\" height=\"713\" class=\"wp-block-cover__image-background wp-image-51\" alt=\"\" src=\"data:image/svg+xml,%3Csvg%20viewBox%3D%220%200%20100%%20100%%22%20width%3D%22100%%22%20height%3D%22100%%22%20xmlns%3D%22http%3A%2F%2Fwww.w3.org%2F2000%2Fsvg%22%3E%3C%2Fsvg%3E\" style=\"object-position:58% 79%\" data-object-fit=\"cover\" data-object-position=\"58% 79%\"\/><div class=\"wp-block-cover__inner-container is-layout-flow wp-block-cover-is-layout-flow\">\n<p class=\"has-text-align-center has-nv-text-dark-bg-color has-text-color has-link-color has-large-font-size wp-elements-3fb727e51565180619e92fd093afbb3a\"><strong>Creaci\u00f3n<\/strong><\/p>\n<\/div><\/div>\n\n\n\n<p class=\"has-text-align-center has-nv-dark-bg-color has-text-color has-link-color wp-elements-385b402164a8ea41220736b32d964b59\">\u201cCreer es crear\u201d<\/p>\n\n\n\n<div style=\"height:20px\" aria-hidden=\"true\" class=\"wp-block-spacer\"><\/div>\n<\/div>\n\n\n\n<div class=\"wp-block-column ticss-a5b4df29 is-layout-flow wp-block-column-is-layout-flow\">\n<div class=\"wp-block-cover aligncenter is-style-rounded\" style=\"border-width:40px;border-radius:100px;padding-top:var(--wp--preset--spacing--70);padding-right:var(--wp--preset--spacing--60);padding-bottom:var(--wp--preset--spacing--70);padding-left:var(--wp--preset--spacing--60);min-height:311px;aspect-ratio:unset;\"><span aria-hidden=\"true\" class=\"wp-block-cover__background has-background-dim\"><\/span><img data-opt-src=\"https:\/\/mlqo7oolsnfd.i.optimole.com\/w:auto\/h:auto\/q:mauto\/f:avif\/https:\/\/spiritlace.com\/wp-content\/uploads\/2023\/05\/mark-zunino-small_orig-1.jpg\"  decoding=\"async\" width=\"400\" height=\"480\" class=\"wp-block-cover__image-background wp-image-492\" alt=\"\" src=\"data:image/svg+xml,%3Csvg%20viewBox%3D%220%200%20100%%20100%%22%20width%3D%22100%%22%20height%3D%22100%%22%20xmlns%3D%22http%3A%2F%2Fwww.w3.org%2F2000%2Fsvg%22%3E%3C%2Fsvg%3E\" style=\"object-position:49% 41%\" data-object-fit=\"cover\" data-object-position=\"49% 41%\"\/><div class=\"wp-block-cover__inner-container is-layout-flow wp-block-cover-is-layout-flow\">\n<p class=\"has-text-align-center has-nv-text-dark-bg-color has-text-color has-link-color has-large-font-size wp-elements-b0b871f754dfc494eacbb73399844e4a\"><strong>Servicio<\/strong><\/p>\n<\/div><\/div>\n\n\n\n<p class=\"has-text-align-center has-neve-text-color-color has-text-color has-medium-font-size\">\u201cLa gente olvidar\u00e1 lo que dijiste, tal vez olviden lo que hiciste, no olvidar\u00e1n c\u00f3mo los hiciste sentir\u201d<\/p>\n\n\n\n<div style=\"height:20px\" aria-hidden=\"true\" class=\"wp-block-spacer\"><\/div>\n<\/div>\n<\/div>\n<\/div><\/div>\n\n\n\n<div class=\"wp-block-columns alignfull is-layout-flex wp-container-core-columns-is-layout-9d6595d7 wp-block-columns-is-layout-flex\">\n<div class=\"wp-block-column is-layout-flow wp-block-column-is-layout-flow\"><div class=\"wp-block-image icon-style is-style-rounded\">\n<figure class=\"aligncenter size-full is-resized\"><img data-opt-src=\"https:\/\/mlqo7oolsnfd.i.optimole.com\/w:auto\/h:auto\/q:mauto\/f:avif\/https:\/\/spiritlace.com\/admin\/wp-content\/uploads\/2023\/05\/update_90297.png\"  decoding=\"async\" width=\"512\" height=\"512\" src=\"data:image/svg+xml,%3Csvg%20viewBox%3D%220%200%20100%%20100%%22%20width%3D%22100%%22%20height%3D%22100%%22%20xmlns%3D%22http%3A%2F%2Fwww.w3.org%2F2000%2Fsvg%22%3E%3C%2Fsvg%3E\" alt=\"\" class=\"wp-image-395\" style=\"width:104px;height:auto\" title=\"\"\/><\/figure>\n<\/div>\n\n\n<h3 class=\"wp-block-heading has-text-align-center has-neve-text-color-color has-text-color has-large-font-size\">Nuevas Colecciones<\/h3>\n\n\n\n<p class=\"has-text-align-center has-medium-font-size\">Nuestras colecciones se renuevan en las diferentes temporadas.<\/p>\n\n\n\n<div style=\"height:20px\" aria-hidden=\"true\" class=\"wp-block-spacer\"><\/div>\n<\/div>\n\n\n\n<div class=\"wp-block-column is-layout-flow wp-block-column-is-layout-flow\"><div class=\"wp-block-image icon-style is-style-rounded\">\n<figure class=\"aligncenter size-full is-resized\"><img data-opt-src=\"https:\/\/mlqo7oolsnfd.i.optimole.com\/w:auto\/h:auto\/q:mauto\/f:avif\/https:\/\/spiritlace.com\/admin\/wp-content\/uploads\/2023\/05\/Diamante.png\"  decoding=\"async\" width=\"512\" height=\"512\" src=\"data:image/svg+xml,%3Csvg%20viewBox%3D%220%200%20100%%20100%%22%20width%3D%22100%%22%20height%3D%22100%%22%20xmlns%3D%22http%3A%2F%2Fwww.w3.org%2F2000%2Fsvg%22%3E%3C%2Fsvg%3E\" alt=\"\" class=\"wp-image-396\" style=\"width:100px;height:auto\"\/><\/figure>\n<\/div>\n\n\n<h3 class=\"wp-block-heading has-text-align-center has-neve-text-color-color has-text-color has-large-font-size\">Exclusividad<\/h3>\n\n\n\n<p class=\"has-text-align-center has-medium-font-size\">Nuestra calidad es siempre la m\u00e1s alta, nuestros dise\u00f1os son exclusivos.<\/p>\n\n\n\n<div style=\"height:20px\" aria-hidden=\"true\" class=\"wp-block-spacer\"><\/div>\n<\/div>\n\n\n\n<div class=\"wp-block-column is-layout-flow wp-block-column-is-layout-flow\" style=\"padding-top:var(--wp--preset--spacing--20);padding-bottom:var(--wp--preset--spacing--20)\"><div class=\"wp-block-image icon-style is-style-rounded\">\n<figure class=\"aligncenter size-full is-resized\"><img data-opt-src=\"https:\/\/mlqo7oolsnfd.i.optimole.com\/w:auto\/h:auto\/q:mauto\/f:avif\/https:\/\/spiritlace.com\/admin\/wp-content\/uploads\/2023\/05\/around-the-world.png\"  decoding=\"async\" width=\"512\" height=\"512\" src=\"data:image/svg+xml,%3Csvg%20viewBox%3D%220%200%20100%%20100%%22%20width%3D%22100%%22%20height%3D%22100%%22%20xmlns%3D%22http%3A%2F%2Fwww.w3.org%2F2000%2Fsvg%22%3E%3C%2Fsvg%3E\" alt=\"\" class=\"wp-image-397\" style=\"width:94px;height:auto\"\/><\/figure>\n<\/div>\n\n\n<h3 class=\"wp-block-heading has-text-align-center has-neve-text-color-color has-text-color has-large-font-size\">Env\u00edos  Mundialmente<\/h3>\n\n\n\n<p class=\"has-text-align-center has-medium-font-size\">Hacemos env\u00edos a toda Latinoam\u00e9rica y Estados Unidos.<\/p>\n\n\n\n<div style=\"height:20px\" aria-hidden=\"true\" class=\"wp-block-spacer\"><\/div>\n<\/div>\n<\/div>\n\n\n\n<p><\/p>\n\n\n\n<div class=\"wp-block-cover alignfull\" style=\"min-height:423px;aspect-ratio:unset;\"><span aria-hidden=\"true\" class=\"wp-block-cover__background has-nv-dark-bg-background-color has-background-dim-100 has-background-dim\"><\/span><div class=\"wp-block-cover__inner-container is-layout-flow wp-block-cover-is-layout-flow\">\n<div style=\"height:34px\" aria-hidden=\"true\" class=\"wp-block-spacer\"><\/div>\n\n\n\n<h2 class=\"wp-block-heading has-text-align-center has-nv-light-bg-color has-text-color\" style=\"font-size:52px\">S\u00edguenos  <\/h2>\n\n\n\n<div class=\"wp-block-columns is-layout-flex wp-container-core-columns-is-layout-9d6595d7 wp-block-columns-is-layout-flex\">\n<div class=\"wp-block-column is-layout-flow wp-block-column-is-layout-flow\" style=\"flex-basis:100%\">\n<div id=\"wp-block-themeisle-blocks-button-group-ecf0a1af\" class=\"wp-block-themeisle-blocks-button-group wp-block-buttons align-center-desktop\">\n<div id=\"wp-block-themeisle-blocks-button-8c0755b0\" class=\"wp-block-themeisle-blocks-button wp-block-button\"><a href=\"https:\/\/www.instagram.com\/spirit_lace\/\" target=\"_self\" rel=\"noopener noreferrer\" class=\"wp-block-button__link\"><span>Instragram<\/span><\/a><\/div>\n\n\n\n<div id=\"wp-block-themeisle-blocks-button-6bd422aa\" class=\"wp-block-themeisle-blocks-button wp-block-button\"><a href=\"https:\/\/linktr.ee\/spiritlace\" target=\"_self\" rel=\"noopener noreferrer\" class=\"wp-block-button__link\"><span>WhatsApp<\/span><\/a><\/div>\n<\/div>\n<\/div>\n<\/div>\n\n\n\n<p class=\"has-text-align-center has-nv-site-bg-color has-text-color has-link-color wp-elements-41656be8f0edb1a1b2135179f309cb0c\" style=\"font-size:26px\">Manejamos productos exclusivos que no se publican en los medios, para conocer m\u00e1s sobre nosotros y nuestros textiles puedes visitarnos o contactarnos.<\/p>\n\n\n\n<ul class=\"wp-block-social-links has-icon-background-color is-style-default is-content-justification-center is-layout-flex wp-container-core-social-links-is-layout-16018d1d wp-block-social-links-is-layout-flex\"><li style=\"background-color:#8427a1;\" class=\"wp-social-link wp-social-link-instagram  wp-block-social-link\"><a href=\"https:\/\/www.instagram.com\/spirit_lace\/\" class=\"wp-block-social-link-anchor\"><svg width=\"24\" height=\"24\" viewbox=\"0 0 24 24\" version=\"1.1\" xmlns=\"http:\/\/www.w3.org\/2000\/svg\" aria-hidden=\"true\" focusable=\"false\"><path d=\"M12,4.622c2.403,0,2.688,0.009,3.637,0.052c0.877,0.04,1.354,0.187,1.671,0.31c0.42,0.163,0.72,0.358,1.035,0.673 c0.315,0.315,0.51,0.615,0.673,1.035c0.123,0.317,0.27,0.794,0.31,1.671c0.043,0.949,0.052,1.234,0.052,3.637 s-0.009,2.688-0.052,3.637c-0.04,0.877-0.187,1.354-0.31,1.671c-0.163,0.42-0.358,0.72-0.673,1.035 c-0.315,0.315-0.615,0.51-1.035,0.673c-0.317,0.123-0.794,0.27-1.671,0.31c-0.949,0.043-1.233,0.052-3.637,0.052 s-2.688-0.009-3.637-0.052c-0.877-0.04-1.354-0.187-1.671-0.31c-0.42-0.163-0.72-0.358-1.035-0.673 c-0.315-0.315-0.51-0.615-0.673-1.035c-0.123-0.317-0.27-0.794-0.31-1.671C4.631,14.688,4.622,14.403,4.622,12 s0.009-2.688,0.052-3.637c0.04-0.877,0.187-1.354,0.31-1.671c0.163-0.42,0.358-0.72,0.673-1.035 c0.315-0.315,0.615-0.51,1.035-0.673c0.317-0.123,0.794-0.27,1.671-0.31C9.312,4.631,9.597,4.622,12,4.622 M12,3 C9.556,3,9.249,3.01,8.289,3.054C7.331,3.098,6.677,3.25,6.105,3.472C5.513,3.702,5.011,4.01,4.511,4.511 c-0.5,0.5-0.808,1.002-1.038,1.594C3.25,6.677,3.098,7.331,3.054,8.289C3.01,9.249,3,9.556,3,12c0,2.444,0.01,2.751,0.054,3.711 c0.044,0.958,0.196,1.612,0.418,2.185c0.23,0.592,0.538,1.094,1.038,1.594c0.5,0.5,1.002,0.808,1.594,1.038 c0.572,0.222,1.227,0.375,2.185,0.418C9.249,20.99,9.556,21,12,21s2.751-0.01,3.711-0.054c0.958-0.044,1.612-0.196,2.185-0.418 c0.592-0.23,1.094-0.538,1.594-1.038c0.5-0.5,0.808-1.002,1.038-1.594c0.222-0.572,0.375-1.227,0.418-2.185 C20.99,14.751,21,14.444,21,12s-0.01-2.751-0.054-3.711c-0.044-0.958-0.196-1.612-0.418-2.185c-0.23-0.592-0.538-1.094-1.038-1.594 c-0.5-0.5-1.002-0.808-1.594-1.038c-0.572-0.222-1.227-0.375-2.185-0.418C14.751,3.01,14.444,3,12,3L12,3z M12,7.378 c-2.552,0-4.622,2.069-4.622,4.622S9.448,16.622,12,16.622s4.622-2.069,4.622-4.622S14.552,7.378,12,7.378z M12,15 c-1.657,0-3-1.343-3-3s1.343-3,3-3s3,1.343,3,3S13.657,15,12,15z M16.804,6.116c-0.596,0-1.08,0.484-1.08,1.08 s0.484,1.08,1.08,1.08c0.596,0,1.08-0.484,1.08-1.08S17.401,6.116,16.804,6.116z\"><\/path><\/svg><span class=\"wp-block-social-link-label screen-reader-text\">Instagram<\/span><\/a><\/li><\/ul>\n\n\n\n<div style=\"height:42px\" aria-hidden=\"true\" class=\"wp-block-spacer\"><\/div>\n<\/div><\/div>\n\n\n\n<p><\/p>","protected":false},"excerpt":{"rendered":"<p>Passion for details For more than 20 years, we have focused our attention on leaving our mark, in seeking that our textiles have that personal seal, and that harmonic shine, so that the quality of a spectacular handmade work can be recognized, full of sublime stitches that give life to an impeccable work. New Collections&hellip;&nbsp;<a href=\"https:\/\/spiritlace.com\/es\/\" class=\"\" rel=\"bookmark\">Leer m\u00e1s &raquo;<span class=\"screen-reader-text\">Inicio<\/span><\/a><\/p>","protected":false},"author":1,"featured_media":633,"parent":0,"menu_order":0,"comment_status":"closed","ping_status":"closed","template":"","meta":{"neve_meta_sidebar":"","neve_meta_container":"contained","neve_meta_enable_content_width":"","neve_meta_content_width":0,"neve_meta_title_alignment":"center","neve_meta_author_avatar":"","neve_post_elements_order":"","neve_meta_disable_header":"","neve_meta_disable_footer":"","neve_meta_disable_title":"","_themeisle_gutenberg_block_has_review":false,"_ti_tpc_template_sync":false,"_ti_tpc_template_id":"","footnotes":""},"class_list":["post-535","page","type-page","status-publish","has-post-thumbnail","hentry"],"_links":{"self":[{"href":"https:\/\/spiritlace.com\/es\/wp-json\/wp\/v2\/pages\/535","targetHints":{"allow":["GET"]}}],"collection":[{"href":"https:\/\/spiritlace.com\/es\/wp-json\/wp\/v2\/pages"}],"about":[{"href":"https:\/\/spiritlace.com\/es\/wp-json\/wp\/v2\/types\/page"}],"author":[{"embeddable":true,"href":"https:\/\/spiritlace.com\/es\/wp-json\/wp\/v2\/users\/1"}],"replies":[{"embeddable":true,"href":"https:\/\/spiritlace.com\/es\/wp-json\/wp\/v2\/comments?post=535"}],"version-history":[{"count":31,"href":"https:\/\/spiritlace.com\/es\/wp-json\/wp\/v2\/pages\/535\/revisions"}],"predecessor-version":[{"id":724,"href":"https:\/\/spiritlace.com\/es\/wp-json\/wp\/v2\/pages\/535\/revisions\/724"}],"wp:featuredmedia":[{"embeddable":true,"href":"https:\/\/spiritlace.com\/es\/wp-json\/wp\/v2\/media\/633"}],"wp:attachment":[{"href":"https:\/\/spiritlace.com\/es\/wp-json\/wp\/v2\/media?parent=535"}],"curies":[{"name":"wp","href":"https:\/\/api.w.org\/{rel}","templated":true}]}}