{"id":311,"date":"2020-01-27T08:05:29","date_gmt":"2020-01-27T08:05:29","guid":{"rendered":"https:\/\/demosites.io\/web-agency-gb\/?page_id=69"},"modified":"2024-05-07T12:18:06","modified_gmt":"2024-05-07T19:18:06","slug":"15c42-web-agency-gb-portfolio","status":"publish","type":"page","link":"https:\/\/spiritlace.com\/admin\/15c42-web-agency-gb-portfolio\/","title":{"rendered":"Textiles"},"content":{"rendered":"\n<div class=\"wp-block-cover alignfull is-light\" style=\"min-height:1143px\"><span aria-hidden=\"true\" class=\"wp-block-cover__background has-background-dim-100 has-background-dim\" style=\"background-color:#e9e1ea\"><\/span><div class=\"wp-block-cover__inner-container is-layout-flow wp-block-cover-is-layout-flow\">\n<div class=\"wp-block-group is-layout-flow wp-block-group-is-layout-flow\"><div class=\"wp-block-group__inner-container\">\n<div style=\"height:19px\" aria-hidden=\"true\" class=\"wp-block-spacer\"><\/div>\n\n\n\n<div class=\"wp-block-columns are-vertically-aligned-center is-layout-flex wp-container-core-columns-layout-1 wp-block-columns-is-layout-flex\">\n<div class=\"wp-block-column is-vertically-aligned-center is-layout-flow wp-block-column-is-layout-flow\" style=\"flex-basis:50%\">\n<div style=\"height:0px\" aria-hidden=\"true\" class=\"wp-block-spacer\"><\/div>\n\n\n\n<figure class=\"wp-block-pullquote has-medium-font-size\" style=\"letter-spacing:2px\"><blockquote><p>Estilo<\/p><cite>Nuestro estilo va marcado por las tendencias, sin volverse repetitivo ni duplicidad, se marca siempre nuestro sentido de moda.<\/cite><\/blockquote><\/figure>\n\n\n\n<div class=\"wp-block-buttons is-content-justification-center is-layout-flex wp-container-core-buttons-layout-1 wp-block-buttons-is-layout-flex\">\n<div class=\"wp-block-button is-style-primary\"><a class=\"wp-block-button__link has-nv-site-bg-color has-text-color has-background wp-element-button\" href=\"https:\/\/spiritlace.com\/admin\/15c42-web-agency-gb-portfolio-single\/\" style=\"background-color:#6f4599de\">VER M\u00c1S<\/a><\/div>\n<\/div>\n\n\n\n<div style=\"height:36px\" aria-hidden=\"true\" class=\"wp-block-spacer\"><\/div>\n\n\n<div class=\"wp-block-image\">\n<figure class=\"aligncenter size-large is-resized\"><img fetchpriority=\"high\" decoding=\"async\" width=\"1920\" height=\"2560\" src=\"https:\/\/mlqo7oolsnfd.i.optimole.com\/w:auto\/h:auto\/q:mauto\/f:best\/https:\/\/spiritlace.com\/admin\/wp-content\/uploads\/2023\/06\/IMG-20190115-WA0004-edited-scaled.jpeg\" alt=\"\" class=\"wp-image-581\" style=\"width:434px;height:579px\"\/><\/figure><\/div>\n\n\n<div style=\"height:0px\" aria-hidden=\"true\" class=\"wp-block-spacer\"><\/div>\n<\/div>\n\n\n\n<div class=\"wp-block-column is-vertically-aligned-center is-layout-flow wp-block-column-is-layout-flow\" style=\"flex-basis:50%\"><div class=\"wp-block-image\">\n<figure class=\"aligncenter size-large is-resized\"><img decoding=\"async\" width=\"1919\" height=\"2560\" src=\"https:\/\/mlqo7oolsnfd.i.optimole.com\/w:auto\/h:auto\/q:mauto\/f:best\/https:\/\/spiritlace.com\/admin\/wp-content\/uploads\/2023\/06\/20220831_145859-edited-1-scaled.jpg\" alt=\"\" class=\"wp-image-589\" style=\"width:431px;height:583px\"\/><\/figure><\/div>\n\n\n<div style=\"height:24px\" aria-hidden=\"true\" class=\"wp-block-spacer\"><\/div>\n\n\n\n<figure class=\"wp-block-pullquote has-neve-text-color-color has-text-color has-medium-font-size\" style=\"font-style:normal;font-weight:500;letter-spacing:2px\"><blockquote><p>Calidad<\/p><cite>Cada uno de los elementos que conforman nuestras telas es seleccionado con sumo cuidado, para brindar siempre la mejor calidad.<\/cite><\/blockquote><\/figure>\n\n\n\n<div class=\"wp-block-buttons is-content-justification-center is-layout-flex wp-container-core-buttons-layout-2 wp-block-buttons-is-layout-flex\">\n<div class=\"wp-block-button is-style-primary\"><a class=\"wp-block-button__link has-nv-site-bg-color has-text-color has-background wp-element-button\" href=\"https:\/\/spiritlace.com\/admin\/15c42-web-agency-gb-portfolio-single\/\" style=\"background-color:#6f4599de\">VER M\u00c1S<\/a><\/div>\n<\/div>\n\n\n\n<div style=\"height:21px\" aria-hidden=\"true\" class=\"wp-block-spacer\"><\/div>\n<\/div>\n<\/div>\n\n\n\n<div style=\"height:40px\" aria-hidden=\"true\" class=\"wp-block-spacer\"><\/div>\n<\/div><\/div>\n<\/div><\/div>\n\n\n\n<div class=\"wp-block-cover alignfull is-light\" style=\"min-height:1060px\"><span aria-hidden=\"true\" class=\"wp-block-cover__background has-background-dim-100 has-background-dim\" style=\"background-color:#e9e1ea\"><\/span><div class=\"wp-block-cover__inner-container is-layout-flow wp-block-cover-is-layout-flow\">\n<div class=\"wp-block-group is-layout-flow wp-block-group-is-layout-flow\"><div class=\"wp-block-group__inner-container\">\n<div style=\"height:0px\" aria-hidden=\"true\" class=\"wp-block-spacer\"><\/div>\n\n\n\n<div class=\"wp-block-columns are-vertically-aligned-center is-layout-flex wp-container-core-columns-layout-2 wp-block-columns-is-layout-flex\">\n<div class=\"wp-block-column is-vertically-aligned-center is-layout-flow wp-block-column-is-layout-flow\" style=\"flex-basis:50%\">\n<div style=\"height:29px\" aria-hidden=\"true\" class=\"wp-block-spacer\"><\/div>\n\n\n\n<figure class=\"wp-block-pullquote has-neve-text-color-color has-text-color has-medium-font-size\" style=\"letter-spacing:2px\"><blockquote><p>Variedad <\/p><cite>Estamos siempre al tanto de las nuevas tendencias de moda, colores, formas, por lo que contamos con una amplia variedad en todas ellas.<\/cite><\/blockquote><\/figure>\n\n\n\n<div class=\"wp-block-buttons is-content-justification-center is-layout-flex wp-container-core-buttons-layout-3 wp-block-buttons-is-layout-flex\">\n<div class=\"wp-block-button is-style-primary\"><a class=\"wp-block-button__link has-nv-site-bg-color has-text-color has-background wp-element-button\" href=\"https:\/\/spiritlace.com\/admin\/15c42-web-agency-gb-portfolio-single\/\" style=\"background-color:#6f4599de\">VER M\u00c1S<\/a><\/div>\n<\/div>\n\n\n\n<div style=\"height:48px\" aria-hidden=\"true\" class=\"wp-block-spacer\"><\/div>\n\n\n\n<figure class=\"wp-block-image size-large is-resized\"><img decoding=\"async\" width=\"1920\" height=\"2560\" src=\"https:\/\/mlqo7oolsnfd.i.optimole.com\/w:auto\/h:auto\/q:mauto\/f:best\/https:\/\/spiritlace.com\/admin\/wp-content\/uploads\/2023\/05\/DJI_20230522_172055_376-edited-scaled.jpg\" alt=\"\" class=\"wp-image-422\" style=\"width:536px;height:536px\"\/><\/figure>\n\n\n\n<div style=\"height:36px\" aria-hidden=\"true\" class=\"wp-block-spacer\"><\/div>\n\n\n\n<div style=\"height:40px\" aria-hidden=\"true\" class=\"wp-block-spacer\"><\/div>\n<\/div>\n\n\n\n<div class=\"wp-block-column is-vertically-aligned-center is-layout-flow wp-block-column-is-layout-flow\" style=\"flex-basis:50%\">\n<div style=\"height:33px\" aria-hidden=\"true\" class=\"wp-block-spacer\"><\/div>\n\n\n<div class=\"wp-block-image\">\n<figure class=\"aligncenter size-large is-resized\"><img data-opt-src=\"https:\/\/mlqo7oolsnfd.i.optimole.com\/w:768\/h:1024\/q:mauto\/f:best\/https:\/\/spiritlace.com\/admin\/wp-content\/uploads\/2023\/06\/20220518_094404.jpg\"  loading=\"lazy\" decoding=\"async\" width=\"768\" height=\"1024\" src=\"data:image/svg+xml,%3Csvg%20viewBox%3D%220%200%20768%201024%22%20width%3D%22768%22%20height%3D%221024%22%20xmlns%3D%22http%3A%2F%2Fwww.w3.org%2F2000%2Fsvg%22%3E%3Crect%20width%3D%22768%22%20height%3D%221024%22%20fill%3D%22transparent%22%2F%3E%3C%2Fsvg%3E\" alt=\"\" class=\"wp-image-585\" style=\"width:461px;height:614px\"\/><\/figure><\/div>\n\n\n<div style=\"height:73px\" aria-hidden=\"true\" class=\"wp-block-spacer\"><\/div>\n\n\n\n<figure class=\"wp-block-pullquote has-neve-text-color-color has-text-color has-medium-font-size\" style=\"letter-spacing:2px\"><blockquote><p>Tendencia<\/p><cite>Conocemos los estilos actuales, lo que marcara hito, estudiamos cuidadosamente el mercado y estamos siempre delante de el.<\/cite><\/blockquote><\/figure>\n\n\n\n<div class=\"wp-block-buttons is-content-justification-center is-layout-flex wp-container-core-buttons-layout-4 wp-block-buttons-is-layout-flex\">\n<div class=\"wp-block-button is-style-primary\"><a class=\"wp-block-button__link has-nv-site-bg-color has-text-color has-background wp-element-button\" href=\"https:\/\/spiritlace.com\/admin\/15c42-web-agency-gb-portfolio-single\/\" style=\"background-color:#6f4599de\">VER M\u00c1S<\/a><\/div>\n<\/div>\n\n\n\n<div style=\"height:40px\" aria-hidden=\"true\" class=\"wp-block-spacer\"><\/div>\n<\/div>\n<\/div>\n\n\n\n<div style=\"height:54px\" aria-hidden=\"true\" class=\"wp-block-spacer\"><\/div>\n<\/div><\/div>\n<\/div><\/div>\n\n\n\n<div class=\"wp-block-cover alignfull is-light\" style=\"min-height:1040px\"><span aria-hidden=\"true\" class=\"wp-block-cover__background has-background-dim-100 has-background-dim\" style=\"background-color:#e9e1ea\"><\/span><div class=\"wp-block-cover__inner-container is-layout-flow wp-block-cover-is-layout-flow\">\n<div class=\"wp-block-group is-layout-flow wp-block-group-is-layout-flow\"><div class=\"wp-block-group__inner-container\">\n<div style=\"height:0px\" aria-hidden=\"true\" class=\"wp-block-spacer\"><\/div>\n\n\n\n<div class=\"wp-block-columns are-vertically-aligned-center is-layout-flex wp-container-core-columns-layout-3 wp-block-columns-is-layout-flex\">\n<div class=\"wp-block-column is-vertically-aligned-center is-layout-flow wp-block-column-is-layout-flow\" style=\"flex-basis:50%\">\n<figure class=\"wp-block-pullquote has-neve-text-color-color has-text-color has-medium-font-size\" style=\"letter-spacing:2px\"><blockquote><p>Exclusividad<\/p><cite>Nuestros dise\u00f1os son \u00fanicos, creativos, exquisitos, basados en lo m\u00e1s nuevo de la moda, sin convertirse en comercial.<\/cite><\/blockquote><\/figure>\n\n\n\n<div class=\"wp-block-buttons is-content-justification-center is-layout-flex wp-container-core-buttons-layout-5 wp-block-buttons-is-layout-flex\">\n<div class=\"wp-block-button is-style-primary\"><a class=\"wp-block-button__link has-nv-site-bg-color has-text-color has-background wp-element-button\" href=\"https:\/\/spiritlace.com\/admin\/15c42-web-agency-gb-portfolio-single\/\" style=\"background-color:#6f4599de\">VER M\u00c1S<\/a><\/div>\n<\/div>\n\n\n\n<div style=\"height:39px\" aria-hidden=\"true\" class=\"wp-block-spacer\"><\/div>\n\n\n\n<figure class=\"wp-block-image size-large is-resized\"><img data-opt-src=\"https:\/\/mlqo7oolsnfd.i.optimole.com\/w:768\/h:1024\/q:mauto\/f:best\/https:\/\/spiritlace.com\/admin\/wp-content\/uploads\/2023\/05\/20220518_123246.jpg\"  loading=\"lazy\" decoding=\"async\" width=\"768\" height=\"1024\" src=\"data:image/svg+xml,%3Csvg%20viewBox%3D%220%200%20768%201024%22%20width%3D%22768%22%20height%3D%221024%22%20xmlns%3D%22http%3A%2F%2Fwww.w3.org%2F2000%2Fsvg%22%3E%3Crect%20width%3D%22768%22%20height%3D%221024%22%20fill%3D%22transparent%22%2F%3E%3C%2Fsvg%3E\" alt=\"\" class=\"wp-image-417\" style=\"width:535px;height:535px\"\/><\/figure>\n\n\n\n<div style=\"height:24px\" aria-hidden=\"true\" class=\"wp-block-spacer\"><\/div>\n\n\n\n<div style=\"height:40px\" aria-hidden=\"true\" class=\"wp-block-spacer\"><\/div>\n<\/div>\n\n\n\n<div class=\"wp-block-column is-vertically-aligned-center is-layout-flow wp-block-column-is-layout-flow\" style=\"flex-basis:50%\">\n<figure class=\"wp-block-image size-large is-resized\"><img data-opt-src=\"https:\/\/mlqo7oolsnfd.i.optimole.com\/w:768\/h:1024\/q:mauto\/f:best\/https:\/\/spiritlace.com\/admin\/wp-content\/uploads\/2023\/05\/20220518_123721.jpg\"  loading=\"lazy\" decoding=\"async\" width=\"768\" height=\"1024\" src=\"data:image/svg+xml,%3Csvg%20viewBox%3D%220%200%20768%201024%22%20width%3D%22768%22%20height%3D%221024%22%20xmlns%3D%22http%3A%2F%2Fwww.w3.org%2F2000%2Fsvg%22%3E%3Crect%20width%3D%22768%22%20height%3D%221024%22%20fill%3D%22transparent%22%2F%3E%3C%2Fsvg%3E\" alt=\"\" class=\"wp-image-418\" style=\"width:534px;height:534px\"\/><\/figure>\n\n\n\n<div style=\"height:24px\" aria-hidden=\"true\" class=\"wp-block-spacer\"><\/div>\n\n\n\n<figure class=\"wp-block-pullquote has-text-align-center has-neve-text-color-color has-text-color has-medium-font-size\" style=\"letter-spacing:2px\"><blockquote><p>Fianc\u00e9e<\/p><cite>Nos encantan los dise\u00f1os de novias, mujeres maravillosas llenas de sue\u00f1os, por eso plasmamos en cada dise\u00f1o el amor de ese gran d\u00eda.<\/cite><\/blockquote><\/figure>\n\n\n\n<div class=\"wp-block-buttons is-content-justification-center is-layout-flex wp-container-core-buttons-layout-6 wp-block-buttons-is-layout-flex\">\n<div class=\"wp-block-button is-style-primary\"><a class=\"wp-block-button__link has-nv-site-bg-color has-text-color has-background wp-element-button\" href=\"https:\/\/spiritlace.com\/admin\/15c42-web-agency-gb-portfolio-single\/\" style=\"background-color:#6f4599de\">VER M\u00c1S<\/a><\/div>\n<\/div>\n\n\n\n<div style=\"height:40px\" aria-hidden=\"true\" class=\"wp-block-spacer\"><\/div>\n<\/div>\n<\/div>\n\n\n\n<div style=\"height:40px\" aria-hidden=\"true\" class=\"wp-block-spacer\"><\/div>\n<\/div><\/div>\n<\/div><\/div>\n\n\n\n<div class=\"wp-block-cover alignfull has-parallax\" style=\"min-height:664px\"><span aria-hidden=\"true\" class=\"wp-block-cover__background has-nv-dark-bg-background-color has-background-dim-100 has-background-dim\"><\/span><div role=\"img\" class=\"wp-block-cover__image-background has-parallax\" style=\"background-position:50% 50%;background-image:url(blob:https:\/\/spiritlace.com\/00ae77ac-d362-4422-8a5f-14beb08e88e2)\"><\/div><div class=\"wp-block-cover__inner-container is-layout-flow wp-block-cover-is-layout-flow\">\n<div style=\"height:80px\" aria-hidden=\"true\" class=\"wp-block-spacer\"><\/div>\n\n\n<div class=\"wp-block-image is-style-rounded\">\n<figure class=\"aligncenter size-full is-resized\"><img data-opt-src=\"https:\/\/mlqo7oolsnfd.i.optimole.com\/w:auto\/h:auto\/q:mauto\/f:best\/https:\/\/spiritlace.com\/admin\/wp-content\/uploads\/2024\/03\/Spirit-Lace-png.png\"  loading=\"lazy\" decoding=\"async\" width=\"506\" height=\"214\" src=\"data:image/svg+xml,%3Csvg%20viewBox%3D%220%200%20100%%20100%%22%20width%3D%22100%%22%20height%3D%22100%%22%20xmlns%3D%22http%3A%2F%2Fwww.w3.org%2F2000%2Fsvg%22%3E%3Crect%20width%3D%22100%%22%20height%3D%22100%%22%20fill%3D%22transparent%22%2F%3E%3C%2Fsvg%3E\" alt=\"\" class=\"wp-image-715\" style=\"width:499px;height:auto\"\/><\/figure><\/div>\n\n\n<div style=\"height:24px\" aria-hidden=\"true\" class=\"wp-block-spacer\"><\/div>\n\n\n\n<h3 class=\"wp-block-heading has-text-align-center has-nv-text-dark-bg-color has-text-color\"><strong>\u201cInspiraci\u00f3n, creaci\u00f3n y servicio\u201d<\/strong><\/h3>\n\n\n\n<div style=\"height:80px\" aria-hidden=\"true\" class=\"wp-block-spacer\"><\/div>\n<\/div><\/div>\n","protected":false},"excerpt":{"rendered":"","protected":false},"author":1,"featured_media":0,"parent":0,"menu_order":0,"comment_status":"closed","ping_status":"closed","template":"","meta":{"neve_meta_sidebar":"full-width","neve_meta_container":"","neve_meta_enable_content_width":"on","neve_meta_content_width":100,"neve_meta_title_alignment":"","neve_meta_author_avatar":"","neve_post_elements_order":"","neve_meta_disable_header":"","neve_meta_disable_footer":"","neve_meta_disable_title":"on","_themeisle_gutenberg_block_has_review":false,"_ti_tpc_template_sync":false,"_ti_tpc_template_id":"94gtya0n2udx05knf121","footnotes":""},"_links":{"self":[{"href":"https:\/\/spiritlace.com\/admin\/wp-json\/wp\/v2\/pages\/311"}],"collection":[{"href":"https:\/\/spiritlace.com\/admin\/wp-json\/wp\/v2\/pages"}],"about":[{"href":"https:\/\/spiritlace.com\/admin\/wp-json\/wp\/v2\/types\/page"}],"author":[{"embeddable":true,"href":"https:\/\/spiritlace.com\/admin\/wp-json\/wp\/v2\/users\/1"}],"replies":[{"embeddable":true,"href":"https:\/\/spiritlace.com\/admin\/wp-json\/wp\/v2\/comments?post=311"}],"version-history":[{"count":12,"href":"https:\/\/spiritlace.com\/admin\/wp-json\/wp\/v2\/pages\/311\/revisions"}],"predecessor-version":[{"id":774,"href":"https:\/\/spiritlace.com\/admin\/wp-json\/wp\/v2\/pages\/311\/revisions\/774"}],"wp:attachment":[{"href":"https:\/\/spiritlace.com\/admin\/wp-json\/wp\/v2\/media?parent=311"}],"curies":[{"name":"wp","href":"https:\/\/api.w.org\/{rel}","templated":true}]}}